{"id":11,"date":"2021-12-08T23:36:59","date_gmt":"2021-12-08T23:36:59","guid":{"rendered":"https:\/\/irotrans.com\/?page_id=11"},"modified":"2022-01-11T20:37:33","modified_gmt":"2022-01-11T20:37:33","slug":"unidades","status":"publish","type":"page","link":"https:\/\/irotrans.com\/index.php\/unidades\/","title":{"rendered":"Unidades"},"content":{"rendered":"<p>[et_pb_section fb_built=&#8221;1&#8243; fullwidth=&#8221;on&#8221; _builder_version=&#8221;4.14.2&#8243; _module_preset=&#8221;default&#8221; global_colors_info=&#8221;{}&#8221;][et_pb_fullwidth_slider _builder_version=&#8221;4.14.2&#8243; _module_preset=&#8221;default&#8221; header_level=&#8221;h1&#8243; background_image=&#8221;https:\/\/irotrans.com\/wp-content\/uploads\/2021\/12\/Slider.jpg&#8221; custom_padding=&#8221;150px||150px||true|false&#8221; global_colors_info=&#8221;{}&#8221;][et_pb_slide heading=&#8221;Unidades&#8221; _builder_version=&#8221;4.14.2&#8243; _module_preset=&#8221;default&#8221; header_font=&#8221;Montserrat|900|||||||&#8221; header_text_color=&#8221;#b0ab64&#8243; body_font=&#8221;Source Sans Pro|700|||||||&#8221; body_font_size=&#8221;24px&#8221; background_enable_color=&#8221;off&#8221; global_colors_info=&#8221;{}&#8221; sticky_transition=&#8221;on&#8221;]<\/p>\n<p>Irotrans ha logrado abarcar gran parte del territorio nacional, extendiendo sus rutas de distribuci\u00f3n a las principales ciudades del pa\u00eds.<\/p>\n<p>[\/et_pb_slide][\/et_pb_fullwidth_slider][\/et_pb_section][et_pb_section fb_built=&#8221;1&#8243; _builder_version=&#8221;4.14.2&#8243; _module_preset=&#8221;default&#8221; global_colors_info=&#8221;{}&#8221;][et_pb_row column_structure=&#8221;1_2,1_2&#8243; _builder_version=&#8221;4.14.2&#8243; _module_preset=&#8221;default&#8221; global_colors_info=&#8221;{}&#8221;][et_pb_column type=&#8221;1_2&#8243; _builder_version=&#8221;4.14.2&#8243; _module_preset=&#8221;default&#8221; global_colors_info=&#8221;{}&#8221;][et_pb_image src=&#8221;https:\/\/irotrans.com\/wp-content\/uploads\/2021\/12\/Caja-seca-3-12-1.jpg&#8221; title_text=&#8221;Caja seca 3 1:2&#8243; _builder_version=&#8221;4.14.2&#8243; _module_preset=&#8221;default&#8221; animation_style=&#8221;slide&#8221; animation_direction=&#8221;left&#8221; border_radii=&#8221;on|6px|6px|6px|6px&#8221; global_colors_info=&#8221;{}&#8221;][\/et_pb_image][\/et_pb_column][et_pb_column type=&#8221;1_2&#8243; _builder_version=&#8221;4.14.2&#8243; _module_preset=&#8221;default&#8221; global_colors_info=&#8221;{}&#8221;][et_pb_text _builder_version=&#8221;4.14.2&#8243; _module_preset=&#8221;default&#8221; text_font=&#8221;Source Sans Pro||||||||&#8221; text_text_color=&#8221;#717171&#8243; text_font_size=&#8221;17px&#8221; header_font=&#8221;Montserrat||||||||&#8221; header_text_color=&#8221;#0f4981&#8243; header_font_size=&#8221;34px&#8221; header_2_font=&#8221;Montserrat||||||||&#8221; header_2_text_color=&#8221;#0f4981&#8243; animation_style=&#8221;fade&#8221; hover_enabled=&#8221;0&#8243; global_colors_info=&#8221;{}&#8221; sticky_enabled=&#8221;0&#8243;]<\/p>\n<h2><strong>Camioneta 3.5 TON<\/strong><\/h2>\n<p>[\/et_pb_text][et_pb_tabs active_tab_background_color=&#8221;#0f4981&#8243; active_tab_text_color=&#8221;#FFFFFF&#8221; _builder_version=&#8221;4.14.2&#8243; _module_preset=&#8221;default&#8221; animation_style=&#8221;fade&#8221; global_colors_info=&#8221;{}&#8221;][et_pb_tab title=&#8221;Medidas&#8221; _builder_version=&#8221;4.14.2&#8243; _module_preset=&#8221;default&#8221; global_colors_info=&#8221;{}&#8221;]<strong>Capacidad M\u00e1xima(Carga Ton):<\/strong> 3.5<\/p>\n<p><strong>Largo(m): <\/strong> 3.7<\/p>\n<p><strong>Ancho(m): <\/strong> 2.4<\/p>\n<p><strong>Capacidad en tarimas:<\/strong> 4[\/et_pb_tab][\/et_pb_tabs][\/et_pb_column][\/et_pb_row][\/et_pb_section][et_pb_section fb_built=&#8221;1&#8243; _builder_version=&#8221;4.14.2&#8243; _module_preset=&#8221;default&#8221; global_colors_info=&#8221;{}&#8221;][et_pb_row column_structure=&#8221;1_2,1_2&#8243; _builder_version=&#8221;4.14.2&#8243; _module_preset=&#8221;default&#8221; global_colors_info=&#8221;{}&#8221;][et_pb_column type=&#8221;1_2&#8243; _builder_version=&#8221;4.14.2&#8243; _module_preset=&#8221;default&#8221; global_colors_info=&#8221;{}&#8221;][et_pb_text _builder_version=&#8221;4.14.2&#8243; _module_preset=&#8221;default&#8221; text_font=&#8221;Source Sans Pro||||||||&#8221; text_text_color=&#8221;#717171&#8243; text_font_size=&#8221;17px&#8221; header_font=&#8221;Montserrat||||||||&#8221; header_text_color=&#8221;#0f4981&#8243; header_font_size=&#8221;34px&#8221; header_2_font=&#8221;Montserrat||||||||&#8221; header_2_text_color=&#8221;#0f4981&#8243; animation_style=&#8221;fade&#8221; hover_enabled=&#8221;0&#8243; global_colors_info=&#8221;{}&#8221; sticky_enabled=&#8221;0&#8243;]<\/p>\n<h2><strong>Trailer Caja Seca<\/strong><\/h2>\n<p>[\/et_pb_text][et_pb_tabs active_tab_background_color=&#8221;#0f4981&#8243; active_tab_text_color=&#8221;#FFFFFF&#8221; _builder_version=&#8221;4.14.2&#8243; _module_preset=&#8221;default&#8221; animation_style=&#8221;fade&#8221; global_colors_info=&#8221;{}&#8221;][et_pb_tab title=&#8221;48&#8242;&#8221; _builder_version=&#8221;4.14.2&#8243; _module_preset=&#8221;default&#8221; global_colors_info=&#8221;{}&#8221;]<strong>Capacidad M\u00e1xima(Carga Ton):<\/strong> 12<\/p>\n<p><strong>Largo(m):\u00a0<\/strong>7.5<\/p>\n<p><strong>Ancho(m):\u00a0<\/strong>2.4<\/p>\n<p><strong>Capacidad en tarimas:\u00a0<\/strong>24[\/et_pb_tab][et_pb_tab title=&#8221;53&#8242;&#8221; _builder_version=&#8221;4.14.2&#8243; _module_preset=&#8221;default&#8221; global_colors_info=&#8221;{}&#8221;]<strong>Capacidad M\u00e1xima(Carga Ton):<\/strong> 24<\/p>\n<p><strong>Largo(m):\u00a0<\/strong> 16<\/p>\n<p><strong>Ancho(m):\u00a0<\/strong>2.4<\/p>\n<p><strong>Capacidad en tarimas:\u00a0<\/strong>26[\/et_pb_tab][\/et_pb_tabs][\/et_pb_column][et_pb_column type=&#8221;1_2&#8243; _builder_version=&#8221;4.14.2&#8243; _module_preset=&#8221;default&#8221; global_colors_info=&#8221;{}&#8221;][et_pb_image src=&#8221;https:\/\/irotrans.com\/wp-content\/uploads\/2021\/12\/Trailer-Caja-Seca-1.jpg&#8221; title_text=&#8221;Trailer Caja Seca&#8221; _builder_version=&#8221;4.14.2&#8243; _module_preset=&#8221;default&#8221; animation_style=&#8221;slide&#8221; animation_direction=&#8221;right&#8221; border_radii=&#8221;on|6px|6px|6px|6px&#8221; global_colors_info=&#8221;{}&#8221;][\/et_pb_image][\/et_pb_column][\/et_pb_row][\/et_pb_section][et_pb_section fb_built=&#8221;1&#8243; _builder_version=&#8221;4.14.2&#8243; _module_preset=&#8221;default&#8221; global_colors_info=&#8221;{}&#8221;][et_pb_row column_structure=&#8221;1_2,1_2&#8243; _builder_version=&#8221;4.14.2&#8243; _module_preset=&#8221;default&#8221; global_colors_info=&#8221;{}&#8221;][et_pb_column type=&#8221;1_2&#8243; _builder_version=&#8221;4.14.2&#8243; _module_preset=&#8221;default&#8221; global_colors_info=&#8221;{}&#8221;][et_pb_image src=&#8221;https:\/\/irotrans.com\/wp-content\/uploads\/2021\/12\/Torton-cerrado-1.jpg&#8221; title_text=&#8221;Torton cerrado&#8221; _builder_version=&#8221;4.14.2&#8243; _module_preset=&#8221;default&#8221; animation_style=&#8221;slide&#8221; animation_direction=&#8221;left&#8221; border_radii=&#8221;on|6px|6px|6px|6px&#8221; global_colors_info=&#8221;{}&#8221;][\/et_pb_image][\/et_pb_column][et_pb_column type=&#8221;1_2&#8243; _builder_version=&#8221;4.14.2&#8243; _module_preset=&#8221;default&#8221; global_colors_info=&#8221;{}&#8221;][et_pb_text _builder_version=&#8221;4.14.2&#8243; _module_preset=&#8221;default&#8221; text_font=&#8221;Source Sans Pro||||||||&#8221; text_text_color=&#8221;#717171&#8243; text_font_size=&#8221;17px&#8221; header_font=&#8221;Montserrat||||||||&#8221; header_text_color=&#8221;#0f4981&#8243; header_font_size=&#8221;34px&#8221; header_2_font=&#8221;Montserrat||||||||&#8221; header_2_text_color=&#8221;#0f4981&#8243; animation_style=&#8221;fade&#8221; hover_enabled=&#8221;0&#8243; global_colors_info=&#8221;{}&#8221; sticky_enabled=&#8221;0&#8243;]<\/p>\n<h2><strong>Torton Caja Seca<\/strong><\/h2>\n<p>[\/et_pb_text][et_pb_tabs active_tab_background_color=&#8221;#0f4981&#8243; active_tab_text_color=&#8221;#FFFFFF&#8221; _builder_version=&#8221;4.14.2&#8243; _module_preset=&#8221;default&#8221; animation_style=&#8221;fade&#8221; global_colors_info=&#8221;{}&#8221;][et_pb_tab title=&#8221;Medidas&#8221; _builder_version=&#8221;4.14.2&#8243; _module_preset=&#8221;default&#8221; global_colors_info=&#8221;{}&#8221;]<strong>Capacidad M\u00e1xima(Carga Ton):<\/strong> 12<\/p>\n<p><strong>Largo(m):\u00a0<\/strong> 7.5<\/p>\n<p><strong>Ancho(m):\u00a0<\/strong> 2.4<\/p>\n<p><strong>Capacidad en tarimas:\u00a0<\/strong> 12[\/et_pb_tab][\/et_pb_tabs][\/et_pb_column][\/et_pb_row][\/et_pb_section][et_pb_section fb_built=&#8221;1&#8243; _builder_version=&#8221;4.14.2&#8243; _module_preset=&#8221;default&#8221; hover_enabled=&#8221;0&#8243; global_colors_info=&#8221;{}&#8221; disabled_on=&#8221;on|on|on&#8221; disabled=&#8221;on&#8221; sticky_enabled=&#8221;0&#8243;][et_pb_row _builder_version=&#8221;4.14.2&#8243; _module_preset=&#8221;default&#8221; global_colors_info=&#8221;{}&#8221;][et_pb_column type=&#8221;4_4&#8243; _builder_version=&#8221;4.14.2&#8243; _module_preset=&#8221;default&#8221; global_colors_info=&#8221;{}&#8221;][et_pb_text _builder_version=&#8221;4.14.2&#8243; _module_preset=&#8221;default&#8221; text_font=&#8221;Source Sans Pro||||||||&#8221; text_text_color=&#8221;#717171&#8243; text_font_size=&#8221;17px&#8221; header_font=&#8221;Montserrat||||||||&#8221; header_text_color=&#8221;#0f4981&#8243; header_font_size=&#8221;34px&#8221; header_2_font=&#8221;Montserrat||||||||&#8221; header_2_text_color=&#8221;#0f4981&#8243; animation_style=&#8221;fade&#8221; global_colors_info=&#8221;{}&#8221;]<\/p>\n<h1><strong>Adicionalmente<\/strong><\/h1>\n<p>Your content goes here. Edit or remove this text inline or in the module Content settings. You can also style every aspect of this content in the module Design settings and even apply custom CSS to this text in the module Advanced settings.<\/p>\n<p>[\/et_pb_text][\/et_pb_column][\/et_pb_row][et_pb_row column_structure=&#8221;1_2,1_2&#8243; _builder_version=&#8221;4.14.2&#8243; _module_preset=&#8221;default&#8221; global_colors_info=&#8221;{}&#8221;][et_pb_column type=&#8221;1_2&#8243; _builder_version=&#8221;4.14.2&#8243; _module_preset=&#8221;default&#8221; global_colors_info=&#8221;{}&#8221;][et_pb_text _builder_version=&#8221;4.14.2&#8243; _module_preset=&#8221;default&#8221; text_font=&#8221;Source Sans Pro||||||||&#8221; text_text_color=&#8221;#717171&#8243; text_font_size=&#8221;17px&#8221; header_font=&#8221;Montserrat||||||||&#8221; header_text_color=&#8221;#0f4981&#8243; header_font_size=&#8221;34px&#8221; header_2_font=&#8221;Montserrat||||||||&#8221; header_2_text_color=&#8221;#0f4981&#8243; animation_style=&#8221;fade&#8221; global_colors_info=&#8221;{}&#8221;]<\/p>\n<p>Todas las unidades incluyen lo siguiente:<\/p>\n<p>* Caracter\u00edstica 1<\/p>\n<p>* Caracter\u00edstica 2<\/p>\n<p>* Caracter\u00edstica 3<\/p>\n<p>* Caracter\u00edstica 4<\/p>\n<p>[\/et_pb_text][\/et_pb_column][et_pb_column type=&#8221;1_2&#8243; _builder_version=&#8221;4.14.2&#8243; _module_preset=&#8221;default&#8221; global_colors_info=&#8221;{}&#8221;][et_pb_image src=&#8221;https:\/\/irotrans.com\/wp-content\/uploads\/2021\/12\/Adicionalmente-1.jpg&#8221; title_text=&#8221;Adicionalmente&#8221; _builder_version=&#8221;4.14.2&#8243; _module_preset=&#8221;default&#8221; animation_style=&#8221;slide&#8221; animation_direction=&#8221;right&#8221; global_colors_info=&#8221;{}&#8221;][\/et_pb_image][\/et_pb_column][\/et_pb_row][\/et_pb_section][et_pb_section fb_built=&#8221;1&#8243; disabled_on=&#8221;on|off|off&#8221; _builder_version=&#8221;4.14.2&#8243; _module_preset=&#8221;default&#8221; background_enable_color=&#8221;off&#8221; use_background_color_gradient=&#8221;on&#8221; background_color_gradient_start=&#8221;rgba(15,73,129,0.76)&#8221; background_color_gradient_end=&#8221;rgba(15,73,129,0.76)&#8221; background_color_gradient_overlays_image=&#8221;on&#8221; background_image=&#8221;https:\/\/irotrans.com\/wp-content\/uploads\/2021\/12\/Slider-3.jpg&#8221; custom_padding=&#8221;100px||100px||true|false&#8221; global_module=&#8221;78&#8243; saved_tabs=&#8221;all&#8221; global_colors_info=&#8221;{}&#8221;][et_pb_row column_structure=&#8221;3_5,2_5&#8243; _builder_version=&#8221;4.14.2&#8243; _module_preset=&#8221;default&#8221; global_colors_info=&#8221;{}&#8221;][et_pb_column type=&#8221;3_5&#8243; _builder_version=&#8221;4.14.2&#8243; _module_preset=&#8221;default&#8221; global_colors_info=&#8221;{}&#8221;][et_pb_text _builder_version=&#8221;4.14.2&#8243; _module_preset=&#8221;default&#8221; text_font=&#8221;Source Sans Pro|600|||||||&#8221; text_text_color=&#8221;#FFFFFF&#8221; text_font_size=&#8221;22px&#8221; header_font=&#8221;Montserrat|700|||||||&#8221; header_text_color=&#8221;#FFFFFF&#8221; header_line_height=&#8221;1.5em&#8221; global_colors_info=&#8221;{}&#8221;]<\/p>\n<h1>\u00a1Cotiza el traslado m\u00e1s seguro para que tus materiales lleguen en perfectas condiciones!<\/h1>\n<p>6 a\u00f1os de experiencia nos respaldan<\/p>\n<p>[\/et_pb_text][\/et_pb_column][et_pb_column type=&#8221;2_5&#8243; _builder_version=&#8221;4.14.2&#8243; _module_preset=&#8221;default&#8221; global_colors_info=&#8221;{}&#8221;][et_pb_text _builder_version=&#8221;4.14.2&#8243; _module_preset=&#8221;default&#8221; text_font=&#8221;Source Sans Pro||||||||&#8221; text_text_color=&#8221;#FFFFFF&#8221; text_font_size=&#8221;22px&#8221; header_font=&#8221;Montserrat||||||||&#8221; header_text_color=&#8221;#0f4981&#8243; header_font_size=&#8221;34px&#8221; header_2_font=&#8221;Montserrat||||||||&#8221; header_2_text_color=&#8221;#0f4981&#8243; custom_margin=&#8221;25px||||false|false&#8221; global_colors_info=&#8221;{}&#8221;]<\/p>\n<p style=\"text-align: center;\"><strong>2222570234<\/strong><\/p>\n<p>[\/et_pb_text][et_pb_button button_url=&#8221;https:\/\/irotrans.com\/index.php\/contacto\/&#8221; button_text=&#8221;VENTAS Y CONTACTO&#8221; button_alignment=&#8221;center&#8221; _builder_version=&#8221;4.14.2&#8243; _module_preset=&#8221;default&#8221; custom_button=&#8221;on&#8221; button_text_color=&#8221;#FFFFFF&#8221; button_bg_color=&#8221;#c0bd8b&#8221; button_border_color=&#8221;#b0ab64&#8243; button_border_radius=&#8221;8px&#8221; button_font=&#8221;Source Sans Pro||||||||&#8221; custom_padding=&#8221;12px||12px||true|false&#8221; global_colors_info=&#8221;{}&#8221;][\/et_pb_button][\/et_pb_column][\/et_pb_row][\/et_pb_section]<\/p>\n","protected":false},"excerpt":{"rendered":"<p>Irotrans ha logrado abarcar gran parte del territorio nacional, extendiendo sus rutas de distribuci\u00f3n a las principales ciudades del pa\u00eds.Camioneta 3.5 TONCapacidad M\u00e1xima(Carga Ton): 3.5 Largo(m): 3.7 Ancho(m): 2.4 Capacidad en tarimas: 4Trailer Caja SecaCapacidad M\u00e1xima(Carga Ton): 12 Largo(m):\u00a07.5 Ancho(m):\u00a02.4 Capacidad en tarimas:\u00a024Capacidad M\u00e1xima(Carga Ton): 24 Largo(m):\u00a0 16 Ancho(m):\u00a02.4 Capacidad en tarimas:\u00a026Torton Caja SecaCapacidad M\u00e1xima(Carga [&hellip;]<\/p>\n","protected":false},"author":1,"featured_media":0,"parent":0,"menu_order":0,"comment_status":"closed","ping_status":"closed","template":"","meta":{"_et_pb_use_builder":"on","_et_pb_old_content":"<!-- wp:divi\/placeholder \/-->","_et_gb_content_width":"","_joinchat":[],"footnotes":""},"class_list":["post-11","page","type-page","status-publish","hentry"],"yoast_head":"<!-- This site is optimized with the Yoast SEO plugin v23.4 - https:\/\/yoast.com\/wordpress\/plugins\/seo\/ -->\n<title>Unidades - Irotrans<\/title>\n<meta name=\"robots\" content=\"index, follow, max-snippet:-1, max-image-preview:large, max-video-preview:-1\" \/>\n<link rel=\"canonical\" href=\"https:\/\/irotrans.com\/index.php\/unidades\/\" \/>\n<meta property=\"og:locale\" content=\"es_MX\" \/>\n<meta property=\"og:type\" content=\"article\" \/>\n<meta property=\"og:title\" content=\"Unidades - Irotrans\" \/>\n<meta property=\"og:description\" content=\"Irotrans ha logrado abarcar gran parte del territorio nacional, extendiendo sus rutas de distribuci\u00f3n a las principales ciudades del pa\u00eds.Camioneta 3.5 TONCapacidad M\u00e1xima(Carga Ton): 3.5 Largo(m): 3.7 Ancho(m): 2.4 Capacidad en tarimas: 4Trailer Caja SecaCapacidad M\u00e1xima(Carga Ton): 12 Largo(m):\u00a07.5 Ancho(m):\u00a02.4 Capacidad en tarimas:\u00a024Capacidad M\u00e1xima(Carga Ton): 24 Largo(m):\u00a0 16 Ancho(m):\u00a02.4 Capacidad en tarimas:\u00a026Torton Caja SecaCapacidad M\u00e1xima(Carga [&hellip;]\" \/>\n<meta property=\"og:url\" content=\"https:\/\/irotrans.com\/index.php\/unidades\/\" \/>\n<meta property=\"og:site_name\" content=\"Irotrans\" \/>\n<meta property=\"article:modified_time\" content=\"2022-01-11T20:37:33+00:00\" \/>\n<meta name=\"twitter:card\" content=\"summary_large_image\" \/>\n<script type=\"application\/ld+json\" class=\"yoast-schema-graph\">{\"@context\":\"https:\/\/schema.org\",\"@graph\":[{\"@type\":\"WebPage\",\"@id\":\"https:\/\/irotrans.com\/index.php\/unidades\/\",\"url\":\"https:\/\/irotrans.com\/index.php\/unidades\/\",\"name\":\"Unidades - Irotrans\",\"isPartOf\":{\"@id\":\"https:\/\/irotrans.com\/#website\"},\"datePublished\":\"2021-12-08T23:36:59+00:00\",\"dateModified\":\"2022-01-11T20:37:33+00:00\",\"breadcrumb\":{\"@id\":\"https:\/\/irotrans.com\/index.php\/unidades\/#breadcrumb\"},\"inLanguage\":\"es\",\"potentialAction\":[{\"@type\":\"ReadAction\",\"target\":[\"https:\/\/irotrans.com\/index.php\/unidades\/\"]}]},{\"@type\":\"BreadcrumbList\",\"@id\":\"https:\/\/irotrans.com\/index.php\/unidades\/#breadcrumb\",\"itemListElement\":[{\"@type\":\"ListItem\",\"position\":1,\"name\":\"Inicio\",\"item\":\"https:\/\/irotrans.com\/\"},{\"@type\":\"ListItem\",\"position\":2,\"name\":\"Unidades\"}]},{\"@type\":\"WebSite\",\"@id\":\"https:\/\/irotrans.com\/#website\",\"url\":\"https:\/\/irotrans.com\/\",\"name\":\"Irotrans\",\"description\":\"Unidades de transporte\",\"potentialAction\":[{\"@type\":\"SearchAction\",\"target\":{\"@type\":\"EntryPoint\",\"urlTemplate\":\"https:\/\/irotrans.com\/?s={search_term_string}\"},\"query-input\":{\"@type\":\"PropertyValueSpecification\",\"valueRequired\":true,\"valueName\":\"search_term_string\"}}],\"inLanguage\":\"es\"}]}<\/script>\n<!-- \/ Yoast SEO plugin. -->","yoast_head_json":{"title":"Unidades - Irotrans","robots":{"index":"index","follow":"follow","max-snippet":"max-snippet:-1","max-image-preview":"max-image-preview:large","max-video-preview":"max-video-preview:-1"},"canonical":"https:\/\/irotrans.com\/index.php\/unidades\/","og_locale":"es_MX","og_type":"article","og_title":"Unidades - Irotrans","og_description":"Irotrans ha logrado abarcar gran parte del territorio nacional, extendiendo sus rutas de distribuci\u00f3n a las principales ciudades del pa\u00eds.Camioneta 3.5 TONCapacidad M\u00e1xima(Carga Ton): 3.5 Largo(m): 3.7 Ancho(m): 2.4 Capacidad en tarimas: 4Trailer Caja SecaCapacidad M\u00e1xima(Carga Ton): 12 Largo(m):\u00a07.5 Ancho(m):\u00a02.4 Capacidad en tarimas:\u00a024Capacidad M\u00e1xima(Carga Ton): 24 Largo(m):\u00a0 16 Ancho(m):\u00a02.4 Capacidad en tarimas:\u00a026Torton Caja SecaCapacidad M\u00e1xima(Carga [&hellip;]","og_url":"https:\/\/irotrans.com\/index.php\/unidades\/","og_site_name":"Irotrans","article_modified_time":"2022-01-11T20:37:33+00:00","twitter_card":"summary_large_image","schema":{"@context":"https:\/\/schema.org","@graph":[{"@type":"WebPage","@id":"https:\/\/irotrans.com\/index.php\/unidades\/","url":"https:\/\/irotrans.com\/index.php\/unidades\/","name":"Unidades - Irotrans","isPartOf":{"@id":"https:\/\/irotrans.com\/#website"},"datePublished":"2021-12-08T23:36:59+00:00","dateModified":"2022-01-11T20:37:33+00:00","breadcrumb":{"@id":"https:\/\/irotrans.com\/index.php\/unidades\/#breadcrumb"},"inLanguage":"es","potentialAction":[{"@type":"ReadAction","target":["https:\/\/irotrans.com\/index.php\/unidades\/"]}]},{"@type":"BreadcrumbList","@id":"https:\/\/irotrans.com\/index.php\/unidades\/#breadcrumb","itemListElement":[{"@type":"ListItem","position":1,"name":"Inicio","item":"https:\/\/irotrans.com\/"},{"@type":"ListItem","position":2,"name":"Unidades"}]},{"@type":"WebSite","@id":"https:\/\/irotrans.com\/#website","url":"https:\/\/irotrans.com\/","name":"Irotrans","description":"Unidades de transporte","potentialAction":[{"@type":"SearchAction","target":{"@type":"EntryPoint","urlTemplate":"https:\/\/irotrans.com\/?s={search_term_string}"},"query-input":{"@type":"PropertyValueSpecification","valueRequired":true,"valueName":"search_term_string"}}],"inLanguage":"es"}]}},"_links":{"self":[{"href":"https:\/\/irotrans.com\/index.php\/wp-json\/wp\/v2\/pages\/11","targetHints":{"allow":["GET"]}}],"collection":[{"href":"https:\/\/irotrans.com\/index.php\/wp-json\/wp\/v2\/pages"}],"about":[{"href":"https:\/\/irotrans.com\/index.php\/wp-json\/wp\/v2\/types\/page"}],"author":[{"embeddable":true,"href":"https:\/\/irotrans.com\/index.php\/wp-json\/wp\/v2\/users\/1"}],"replies":[{"embeddable":true,"href":"https:\/\/irotrans.com\/index.php\/wp-json\/wp\/v2\/comments?post=11"}],"version-history":[{"count":10,"href":"https:\/\/irotrans.com\/index.php\/wp-json\/wp\/v2\/pages\/11\/revisions"}],"predecessor-version":[{"id":262,"href":"https:\/\/irotrans.com\/index.php\/wp-json\/wp\/v2\/pages\/11\/revisions\/262"}],"wp:attachment":[{"href":"https:\/\/irotrans.com\/index.php\/wp-json\/wp\/v2\/media?parent=11"}],"curies":[{"name":"wp","href":"https:\/\/api.w.org\/{rel}","templated":true}]}}