{"id":15,"date":"2021-12-08T23:37:40","date_gmt":"2021-12-08T23:37:40","guid":{"rendered":"https:\/\/irotrans.com\/?page_id=15"},"modified":"2021-12-15T18:35:49","modified_gmt":"2021-12-15T18:35:49","slug":"nosotros","status":"publish","type":"page","link":"https:\/\/irotrans.com\/index.php\/nosotros\/","title":{"rendered":"Nosotros"},"content":{"rendered":"<p>[et_pb_section fb_built=&#8221;1&#8243; fullwidth=&#8221;on&#8221; _builder_version=&#8221;4.14.2&#8243; _module_preset=&#8221;default&#8221; global_colors_info=&#8221;{}&#8221;][et_pb_fullwidth_slider _builder_version=&#8221;4.14.2&#8243; _module_preset=&#8221;default&#8221; background_image=&#8221;https:\/\/irotrans.com\/wp-content\/uploads\/2021\/12\/Slider-4.jpg&#8221; custom_padding=&#8221;150px||150px||true|false&#8221; global_colors_info=&#8221;{}&#8221;][et_pb_slide heading=&#8221;Nosotros&#8221; _builder_version=&#8221;4.14.2&#8243; _module_preset=&#8221;default&#8221; header_font=&#8221;Montserrat|900|||||||&#8221; header_text_color=&#8221;#b0ab64&#8243; body_font=&#8221;Source Sans Pro|700|||||||&#8221; body_font_size=&#8221;24px&#8221; background_enable_color=&#8221;off&#8221; global_colors_info=&#8221;{}&#8221; sticky_transition=&#8221;on&#8221;]<\/p>\n<p>Desde el a\u00f1o 2017 hemos trabajado duro para consolidarnos como la mejor opci\u00f3n en calidad y atenci\u00f3n.\u00a0<\/p>\n<p>&nbsp;<\/p>\n<p>[\/et_pb_slide][\/et_pb_fullwidth_slider][\/et_pb_section][et_pb_section fb_built=&#8221;1&#8243; _builder_version=&#8221;4.14.2&#8243; _module_preset=&#8221;default&#8221; global_colors_info=&#8221;{}&#8221;][et_pb_row _builder_version=&#8221;4.14.2&#8243; _module_preset=&#8221;default&#8221; global_colors_info=&#8221;{}&#8221;][et_pb_column type=&#8221;4_4&#8243; _builder_version=&#8221;4.14.2&#8243; _module_preset=&#8221;default&#8221; global_colors_info=&#8221;{}&#8221;][et_pb_text _builder_version=&#8221;4.14.2&#8243; _module_preset=&#8221;default&#8221; text_font=&#8221;Source Sans Pro||||||||&#8221; text_text_color=&#8221;#717171&#8243; text_font_size=&#8221;17px&#8221; text_line_height=&#8221;1.8em&#8221; header_font=&#8221;Montserrat||||||||&#8221; header_text_color=&#8221;#0f4981&#8243; header_font_size=&#8221;34px&#8221; header_2_font=&#8221;Montserrat||||||||&#8221; header_2_text_color=&#8221;#0f4981&#8243; hover_enabled=&#8221;0&#8243; global_colors_info=&#8221;{}&#8221; animation_style=&#8221;flip&#8221; sticky_enabled=&#8221;0&#8243;]<\/p>\n<h1 style=\"text-align: center;\"><strong>\u00bfQui\u00e9nes somos?<\/strong><\/h1>\n<p>[\/et_pb_text][et_pb_text _builder_version=&#8221;4.14.2&#8243; _module_preset=&#8221;default&#8221; text_font=&#8221;Source Sans Pro||||||||&#8221; text_text_color=&#8221;#717171&#8243; text_font_size=&#8221;17px&#8221; text_line_height=&#8221;1.8em&#8221; header_font=&#8221;Montserrat||||||||&#8221; header_text_color=&#8221;#0f4981&#8243; header_font_size=&#8221;34px&#8221; header_2_font=&#8221;Montserrat||||||||&#8221; header_2_text_color=&#8221;#0f4981&#8243; hover_enabled=&#8221;0&#8243; global_colors_info=&#8221;{}&#8221; animation_style=&#8221;flip&#8221; sticky_enabled=&#8221;0&#8243;]<\/p>\n<p style=\"text-align: center;\">Irotrans tiene establecida su oficina central en la ciudad de Puebla desde el a\u00f1o 2017 y desde entonces hemos trabajado duro para consolidarnos como la mejor opci\u00f3n en calidad y atenci\u00f3n. Desarrollamos procesos bien definidos que hacen eficiente nuestra operaci\u00f3n.<\/p>\n<p>[\/et_pb_text][\/et_pb_column][\/et_pb_row][\/et_pb_section][et_pb_section fb_built=&#8221;1&#8243; _builder_version=&#8221;4.14.2&#8243; _module_preset=&#8221;default&#8221; global_colors_info=&#8221;{}&#8221;][et_pb_row column_structure=&#8221;1_2,1_2&#8243; _builder_version=&#8221;4.14.2&#8243; _module_preset=&#8221;default&#8221; global_colors_info=&#8221;{}&#8221;][et_pb_column type=&#8221;1_2&#8243; _builder_version=&#8221;4.14.2&#8243; _module_preset=&#8221;default&#8221; global_colors_info=&#8221;{}&#8221;][et_pb_image src=&#8221;https:\/\/irotrans.com\/wp-content\/uploads\/2021\/12\/Nosotros.jpg&#8221; title_text=&#8221;Nosotros&#8221; _builder_version=&#8221;4.14.2&#8243; _module_preset=&#8221;default&#8221; hover_enabled=&#8221;0&#8243; border_radii=&#8221;on|6px|6px|6px|6px&#8221; global_colors_info=&#8221;{}&#8221; animation_style=&#8221;fold&#8221; sticky_enabled=&#8221;0&#8243; animation_direction=&#8221;left&#8221;][\/et_pb_image][et_pb_text _builder_version=&#8221;4.14.2&#8243; _module_preset=&#8221;default&#8221; text_font=&#8221;Source Sans Pro||||||||&#8221; text_text_color=&#8221;#717171&#8243; text_font_size=&#8221;17px&#8221; header_font=&#8221;Montserrat||||||||&#8221; header_text_color=&#8221;#0f4981&#8243; header_font_size=&#8221;34px&#8221; header_2_font=&#8221;Montserrat||||||||&#8221; header_2_text_color=&#8221;#0f4981&#8243; hover_enabled=&#8221;0&#8243; global_colors_info=&#8221;{}&#8221; animation_style=&#8221;fold&#8221; sticky_enabled=&#8221;0&#8243; animation_direction=&#8221;left&#8221;]<\/p>\n<h2 style=\"text-align: center;\"><strong>Misi\u00f3n<\/strong><\/h2>\n<p style=\"text-align: justify;\">Ofrecer servicio en la cadena de suministro con calidad y brindar a nuestros clientes una atenci\u00f3n amable y eficaz acompa\u00f1ada de una soluci\u00f3n log\u00edstica, gener\u00e1ndoles la confianza con base en una extensa red de transporte terrestre, con tecnolog\u00eda de punta y empleados altamente capacitados y orientados al cliente.<\/p>\n<p>[\/et_pb_text][\/et_pb_column][et_pb_column type=&#8221;1_2&#8243; _builder_version=&#8221;4.14.2&#8243; _module_preset=&#8221;default&#8221; global_colors_info=&#8221;{}&#8221;][et_pb_image src=&#8221;https:\/\/irotrans.com\/wp-content\/uploads\/2021\/12\/Vision.jpeg&#8221; title_text=&#8221;Vision&#8221; _builder_version=&#8221;4.14.2&#8243; _module_preset=&#8221;default&#8221; hover_enabled=&#8221;0&#8243; border_radii=&#8221;on|6px|6px|6px|6px&#8221; global_colors_info=&#8221;{}&#8221; animation_style=&#8221;fold&#8221; animation_direction=&#8221;right&#8221; sticky_enabled=&#8221;0&#8243;][\/et_pb_image][et_pb_text _builder_version=&#8221;4.14.2&#8243; _module_preset=&#8221;default&#8221; text_font=&#8221;Source Sans Pro||||||||&#8221; text_text_color=&#8221;#717171&#8243; text_font_size=&#8221;17px&#8221; header_font=&#8221;Montserrat||||||||&#8221; header_text_color=&#8221;#0f4981&#8243; header_font_size=&#8221;34px&#8221; header_2_font=&#8221;Montserrat||||||||&#8221; header_2_text_color=&#8221;#0f4981&#8243; hover_enabled=&#8221;0&#8243; global_colors_info=&#8221;{}&#8221; animation_style=&#8221;fold&#8221; animation_direction=&#8221;right&#8221; sticky_enabled=&#8221;0&#8243;]<\/p>\n<h2 style=\"text-align: center;\"><strong>Visi\u00f3n<\/strong><\/h2>\n<p style=\"text-align: justify;\">Ser la empresa l\u00edder en el mercado, identificada como una empresa seria por el alto nivel de compromiso de su personal, socios, clientes y proveedores.<\/p>\n<p>[\/et_pb_text][\/et_pb_column][\/et_pb_row][\/et_pb_section][et_pb_section fb_built=&#8221;1&#8243; _builder_version=&#8221;4.14.2&#8243; _module_preset=&#8221;default&#8221; custom_padding=&#8221;80px||80px||true|false&#8221; global_colors_info=&#8221;{}&#8221;][et_pb_row _builder_version=&#8221;4.14.2&#8243; _module_preset=&#8221;default&#8221; global_colors_info=&#8221;{}&#8221;][et_pb_column type=&#8221;4_4&#8243; _builder_version=&#8221;4.14.2&#8243; _module_preset=&#8221;default&#8221; global_colors_info=&#8221;{}&#8221;][et_pb_text _builder_version=&#8221;4.14.2&#8243; _module_preset=&#8221;default&#8221; text_font=&#8221;Source Sans Pro||||||||&#8221; text_text_color=&#8221;#717171&#8243; text_font_size=&#8221;17px&#8221; header_font=&#8221;Montserrat||||||||&#8221; header_text_color=&#8221;#0f4981&#8243; header_font_size=&#8221;34px&#8221; header_2_font=&#8221;Montserrat||||||||&#8221; header_2_text_color=&#8221;#0f4981&#8243; hover_enabled=&#8221;0&#8243; global_colors_info=&#8221;{}&#8221; animation_style=&#8221;zoom&#8221; sticky_enabled=&#8221;0&#8243;]<\/p>\n<h1 style=\"text-align: center;\"><strong>Nuestros valores<\/strong><\/h1>\n<p>[\/et_pb_text][\/et_pb_column][\/et_pb_row][et_pb_row column_structure=&#8221;1_4,1_4,1_4,1_4&#8243; _builder_version=&#8221;4.14.2&#8243; _module_preset=&#8221;default&#8221; custom_margin=&#8221;24px||||false|false&#8221; custom_margin_tablet=&#8221;24px||||false|false&#8221; custom_margin_phone=&#8221;24px||||false|false&#8221; custom_margin_last_edited=&#8221;on|desktop&#8221; global_colors_info=&#8221;{}&#8221;][et_pb_column type=&#8221;1_4&#8243; _builder_version=&#8221;4.14.2&#8243; _module_preset=&#8221;default&#8221; global_colors_info=&#8221;{}&#8221;][et_pb_blurb title=&#8221;Honradez&#8221; image=&#8221;https:\/\/irotrans.com\/wp-content\/uploads\/2021\/12\/honradez.jpg&#8221; _builder_version=&#8221;4.14.2&#8243; _module_preset=&#8221;default&#8221; header_font=&#8221;Montserrat|700|||||||&#8221; header_text_align=&#8221;center&#8221; header_text_color=&#8221;#717171&#8243; body_font=&#8221;Source Sans Pro||||||||&#8221; body_font_size=&#8221;17px&#8221; hover_enabled=&#8221;0&#8243; global_colors_info=&#8221;{}&#8221; animation_style=&#8221;zoom&#8221; sticky_enabled=&#8221;0&#8243;][\/et_pb_blurb][\/et_pb_column][et_pb_column type=&#8221;1_4&#8243; _builder_version=&#8221;4.14.2&#8243; _module_preset=&#8221;default&#8221; global_colors_info=&#8221;{}&#8221;][et_pb_blurb title=&#8221;Lealtad&#8221; image=&#8221;https:\/\/irotrans.com\/wp-content\/uploads\/2021\/12\/heart.png&#8221; _builder_version=&#8221;4.14.2&#8243; _module_preset=&#8221;default&#8221; header_font=&#8221;Montserrat|700|||||||&#8221; header_text_align=&#8221;center&#8221; header_text_color=&#8221;#717171&#8243; body_font=&#8221;Source Sans Pro||||||||&#8221; body_font_size=&#8221;17px&#8221; hover_enabled=&#8221;0&#8243; global_colors_info=&#8221;{}&#8221; animation_style=&#8221;zoom&#8221; sticky_enabled=&#8221;0&#8243;][\/et_pb_blurb][\/et_pb_column][et_pb_column type=&#8221;1_4&#8243; _builder_version=&#8221;4.14.2&#8243; _module_preset=&#8221;default&#8221; global_colors_info=&#8221;{}&#8221;][et_pb_blurb title=&#8221;Compa\u00f1erismo&#8221; image=&#8221;https:\/\/irotrans.com\/wp-content\/uploads\/2021\/12\/companerismo.png&#8221; _builder_version=&#8221;4.14.2&#8243; _module_preset=&#8221;default&#8221; header_font=&#8221;Montserrat|700|||||||&#8221; header_text_align=&#8221;center&#8221; header_text_color=&#8221;#717171&#8243; body_font=&#8221;Source Sans Pro||||||||&#8221; body_font_size=&#8221;17px&#8221; hover_enabled=&#8221;0&#8243; global_colors_info=&#8221;{}&#8221; animation_style=&#8221;zoom&#8221; sticky_enabled=&#8221;0&#8243;][\/et_pb_blurb][\/et_pb_column][et_pb_column type=&#8221;1_4&#8243; _builder_version=&#8221;4.14.2&#8243; _module_preset=&#8221;default&#8221; global_colors_info=&#8221;{}&#8221;][et_pb_blurb title=&#8221;Ayuda&#8221; image=&#8221;https:\/\/irotrans.com\/wp-content\/uploads\/2021\/12\/Ayuda.png&#8221; _builder_version=&#8221;4.14.2&#8243; _module_preset=&#8221;default&#8221; header_font=&#8221;Montserrat|700|||||||&#8221; header_text_align=&#8221;center&#8221; header_text_color=&#8221;#717171&#8243; body_font=&#8221;Source Sans Pro||||||||&#8221; body_font_size=&#8221;17px&#8221; hover_enabled=&#8221;0&#8243; global_colors_info=&#8221;{}&#8221; animation_style=&#8221;zoom&#8221; sticky_enabled=&#8221;0&#8243;][\/et_pb_blurb][\/et_pb_column][\/et_pb_row][et_pb_row column_structure=&#8221;1_3,1_3,1_3&#8243; _builder_version=&#8221;4.14.2&#8243; _module_preset=&#8221;default&#8221; global_colors_info=&#8221;{}&#8221;][et_pb_column type=&#8221;1_3&#8243; _builder_version=&#8221;4.14.2&#8243; _module_preset=&#8221;default&#8221; global_colors_info=&#8221;{}&#8221;][et_pb_blurb title=&#8221;Amabilidad&#8221; image=&#8221;https:\/\/irotrans.com\/wp-content\/uploads\/2021\/12\/Amabilidad.jpg&#8221; _builder_version=&#8221;4.14.2&#8243; _module_preset=&#8221;default&#8221; header_font=&#8221;Montserrat|700|||||||&#8221; header_text_align=&#8221;center&#8221; header_text_color=&#8221;#717171&#8243; body_font=&#8221;Source Sans Pro||||||||&#8221; body_font_size=&#8221;17px&#8221; hover_enabled=&#8221;0&#8243; global_colors_info=&#8221;{}&#8221; animation_style=&#8221;zoom&#8221; sticky_enabled=&#8221;0&#8243;][\/et_pb_blurb][\/et_pb_column][et_pb_column type=&#8221;1_3&#8243; _builder_version=&#8221;4.14.2&#8243; _module_preset=&#8221;default&#8221; global_colors_info=&#8221;{}&#8221;][et_pb_blurb title=&#8221;Responsabilidad&#8221; image=&#8221;https:\/\/irotrans.com\/wp-content\/uploads\/2021\/12\/responsabilidad.png&#8221; _builder_version=&#8221;4.14.2&#8243; _module_preset=&#8221;default&#8221; header_font=&#8221;Montserrat|700|||||||&#8221; header_text_align=&#8221;center&#8221; header_text_color=&#8221;#717171&#8243; body_font=&#8221;Source Sans Pro||||||||&#8221; body_font_size=&#8221;17px&#8221; hover_enabled=&#8221;0&#8243; global_colors_info=&#8221;{}&#8221; animation_style=&#8221;zoom&#8221; sticky_enabled=&#8221;0&#8243;][\/et_pb_blurb][\/et_pb_column][et_pb_column type=&#8221;1_3&#8243; _builder_version=&#8221;4.14.2&#8243; _module_preset=&#8221;default&#8221; global_colors_info=&#8221;{}&#8221;][et_pb_blurb title=&#8221;Pasi\u00f3n&#8221; image=&#8221;https:\/\/irotrans.com\/wp-content\/uploads\/2021\/12\/pasion.png&#8221; _builder_version=&#8221;4.14.2&#8243; _module_preset=&#8221;default&#8221; header_font=&#8221;Montserrat|700|||||||&#8221; header_text_align=&#8221;center&#8221; header_text_color=&#8221;#717171&#8243; body_font=&#8221;Source Sans Pro||||||||&#8221; body_font_size=&#8221;17px&#8221; hover_enabled=&#8221;0&#8243; global_colors_info=&#8221;{}&#8221; animation_style=&#8221;zoom&#8221; sticky_enabled=&#8221;0&#8243;][\/et_pb_blurb][\/et_pb_column][\/et_pb_row][\/et_pb_section][et_pb_section fb_built=&#8221;1&#8243; _builder_version=&#8221;4.14.2&#8243; _module_preset=&#8221;default&#8221; background_enable_color=&#8221;off&#8221; use_background_color_gradient=&#8221;on&#8221; background_color_gradient_start=&#8221;rgba(15,73,129,0.76)&#8221; background_color_gradient_end=&#8221;rgba(15,73,129,0.76)&#8221; background_color_gradient_overlays_image=&#8221;on&#8221; background_image=&#8221;https:\/\/irotrans.com\/wp-content\/uploads\/2021\/12\/Slider-3.jpg&#8221; custom_padding=&#8221;100px||100px||true|false&#8221; global_module=&#8221;78&#8243; saved_tabs=&#8221;all&#8221; global_colors_info=&#8221;{}&#8221;][et_pb_row column_structure=&#8221;3_5,2_5&#8243; _builder_version=&#8221;4.14.2&#8243; _module_preset=&#8221;default&#8221; global_colors_info=&#8221;{}&#8221;][et_pb_column type=&#8221;3_5&#8243; _builder_version=&#8221;4.14.2&#8243; _module_preset=&#8221;default&#8221; global_colors_info=&#8221;{}&#8221;][et_pb_text _builder_version=&#8221;4.14.2&#8243; _module_preset=&#8221;default&#8221; text_font=&#8221;Source Sans Pro|600|||||||&#8221; text_text_color=&#8221;#FFFFFF&#8221; text_font_size=&#8221;22px&#8221; header_font=&#8221;Montserrat|700|||||||&#8221; header_text_color=&#8221;#FFFFFF&#8221; header_line_height=&#8221;1.5em&#8221; global_colors_info=&#8221;{}&#8221;]<\/p>\n<h1>\u00a1Cotiza el traslado m\u00e1s seguro para que tus materiales lleguen en perfectas condiciones!<\/h1>\n<p>6 a\u00f1os de experiencia nos respaldan<\/p>\n<p>[\/et_pb_text][\/et_pb_column][et_pb_column type=&#8221;2_5&#8243; _builder_version=&#8221;4.14.2&#8243; _module_preset=&#8221;default&#8221; global_colors_info=&#8221;{}&#8221;][et_pb_text _builder_version=&#8221;4.14.2&#8243; _module_preset=&#8221;default&#8221; text_font=&#8221;Source Sans Pro||||||||&#8221; text_text_color=&#8221;#FFFFFF&#8221; text_font_size=&#8221;22px&#8221; header_font=&#8221;Montserrat||||||||&#8221; header_text_color=&#8221;#0f4981&#8243; header_font_size=&#8221;34px&#8221; header_2_font=&#8221;Montserrat||||||||&#8221; header_2_text_color=&#8221;#0f4981&#8243; custom_margin=&#8221;25px||||false|false&#8221; global_colors_info=&#8221;{}&#8221;]<\/p>\n<p style=\"text-align: center;\"><strong>2222570234<\/strong><\/p>\n<p>[\/et_pb_text][et_pb_button button_url=&#8221;https:\/\/irotrans.com\/index.php\/contacto\/&#8221; button_text=&#8221;VENTAS Y CONTACTO&#8221; button_alignment=&#8221;center&#8221; _builder_version=&#8221;4.14.2&#8243; _module_preset=&#8221;default&#8221; custom_button=&#8221;on&#8221; button_text_color=&#8221;#FFFFFF&#8221; button_bg_color=&#8221;#c0bd8b&#8221; button_border_color=&#8221;#b0ab64&#8243; button_border_radius=&#8221;8px&#8221; button_font=&#8221;Source Sans Pro||||||||&#8221; custom_padding=&#8221;12px||12px||true|false&#8221; global_colors_info=&#8221;{}&#8221;][\/et_pb_button][\/et_pb_column][\/et_pb_row][\/et_pb_section]<\/p>\n","protected":false},"excerpt":{"rendered":"<p>Desde el a\u00f1o 2017 hemos trabajado duro para consolidarnos como la mejor opci\u00f3n en calidad y atenci\u00f3n.\u00a0 &nbsp;\u00bfQui\u00e9nes somos?Irotrans tiene establecida su oficina central en la ciudad de Puebla desde el a\u00f1o 2017 y desde entonces hemos trabajado duro para consolidarnos como la mejor opci\u00f3n en calidad y atenci\u00f3n. Desarrollamos procesos bien definidos que hacen [&hellip;]<\/p>\n","protected":false},"author":1,"featured_media":0,"parent":0,"menu_order":0,"comment_status":"closed","ping_status":"closed","template":"","meta":{"_et_pb_use_builder":"on","_et_pb_old_content":"<!-- wp:divi\/placeholder \/-->","_et_gb_content_width":"","_joinchat":[],"footnotes":""},"class_list":["post-15","page","type-page","status-publish","hentry"],"yoast_head":"<!-- This site is optimized with the Yoast SEO plugin v23.4 - https:\/\/yoast.com\/wordpress\/plugins\/seo\/ -->\n<title>Nosotros - Irotrans<\/title>\n<meta name=\"robots\" content=\"index, follow, max-snippet:-1, max-image-preview:large, max-video-preview:-1\" \/>\n<link rel=\"canonical\" href=\"https:\/\/irotrans.com\/index.php\/nosotros\/\" \/>\n<meta property=\"og:locale\" content=\"es_MX\" \/>\n<meta property=\"og:type\" content=\"article\" \/>\n<meta property=\"og:title\" content=\"Nosotros - Irotrans\" \/>\n<meta property=\"og:description\" content=\"Desde el a\u00f1o 2017 hemos trabajado duro para consolidarnos como la mejor opci\u00f3n en calidad y atenci\u00f3n.\u00a0 &nbsp;\u00bfQui\u00e9nes somos?Irotrans tiene establecida su oficina central en la ciudad de Puebla desde el a\u00f1o 2017 y desde entonces hemos trabajado duro para consolidarnos como la mejor opci\u00f3n en calidad y atenci\u00f3n. Desarrollamos procesos bien definidos que hacen [&hellip;]\" \/>\n<meta property=\"og:url\" content=\"https:\/\/irotrans.com\/index.php\/nosotros\/\" \/>\n<meta property=\"og:site_name\" content=\"Irotrans\" \/>\n<meta property=\"article:modified_time\" content=\"2021-12-15T18:35:49+00:00\" \/>\n<meta name=\"twitter:card\" content=\"summary_large_image\" \/>\n<script type=\"application\/ld+json\" class=\"yoast-schema-graph\">{\"@context\":\"https:\/\/schema.org\",\"@graph\":[{\"@type\":\"WebPage\",\"@id\":\"https:\/\/irotrans.com\/index.php\/nosotros\/\",\"url\":\"https:\/\/irotrans.com\/index.php\/nosotros\/\",\"name\":\"Nosotros - Irotrans\",\"isPartOf\":{\"@id\":\"https:\/\/irotrans.com\/#website\"},\"datePublished\":\"2021-12-08T23:37:40+00:00\",\"dateModified\":\"2021-12-15T18:35:49+00:00\",\"breadcrumb\":{\"@id\":\"https:\/\/irotrans.com\/index.php\/nosotros\/#breadcrumb\"},\"inLanguage\":\"es\",\"potentialAction\":[{\"@type\":\"ReadAction\",\"target\":[\"https:\/\/irotrans.com\/index.php\/nosotros\/\"]}]},{\"@type\":\"BreadcrumbList\",\"@id\":\"https:\/\/irotrans.com\/index.php\/nosotros\/#breadcrumb\",\"itemListElement\":[{\"@type\":\"ListItem\",\"position\":1,\"name\":\"Inicio\",\"item\":\"https:\/\/irotrans.com\/\"},{\"@type\":\"ListItem\",\"position\":2,\"name\":\"Nosotros\"}]},{\"@type\":\"WebSite\",\"@id\":\"https:\/\/irotrans.com\/#website\",\"url\":\"https:\/\/irotrans.com\/\",\"name\":\"Irotrans\",\"description\":\"Unidades de transporte\",\"potentialAction\":[{\"@type\":\"SearchAction\",\"target\":{\"@type\":\"EntryPoint\",\"urlTemplate\":\"https:\/\/irotrans.com\/?s={search_term_string}\"},\"query-input\":{\"@type\":\"PropertyValueSpecification\",\"valueRequired\":true,\"valueName\":\"search_term_string\"}}],\"inLanguage\":\"es\"}]}<\/script>\n<!-- \/ Yoast SEO plugin. -->","yoast_head_json":{"title":"Nosotros - Irotrans","robots":{"index":"index","follow":"follow","max-snippet":"max-snippet:-1","max-image-preview":"max-image-preview:large","max-video-preview":"max-video-preview:-1"},"canonical":"https:\/\/irotrans.com\/index.php\/nosotros\/","og_locale":"es_MX","og_type":"article","og_title":"Nosotros - Irotrans","og_description":"Desde el a\u00f1o 2017 hemos trabajado duro para consolidarnos como la mejor opci\u00f3n en calidad y atenci\u00f3n.\u00a0 &nbsp;\u00bfQui\u00e9nes somos?Irotrans tiene establecida su oficina central en la ciudad de Puebla desde el a\u00f1o 2017 y desde entonces hemos trabajado duro para consolidarnos como la mejor opci\u00f3n en calidad y atenci\u00f3n. Desarrollamos procesos bien definidos que hacen [&hellip;]","og_url":"https:\/\/irotrans.com\/index.php\/nosotros\/","og_site_name":"Irotrans","article_modified_time":"2021-12-15T18:35:49+00:00","twitter_card":"summary_large_image","schema":{"@context":"https:\/\/schema.org","@graph":[{"@type":"WebPage","@id":"https:\/\/irotrans.com\/index.php\/nosotros\/","url":"https:\/\/irotrans.com\/index.php\/nosotros\/","name":"Nosotros - Irotrans","isPartOf":{"@id":"https:\/\/irotrans.com\/#website"},"datePublished":"2021-12-08T23:37:40+00:00","dateModified":"2021-12-15T18:35:49+00:00","breadcrumb":{"@id":"https:\/\/irotrans.com\/index.php\/nosotros\/#breadcrumb"},"inLanguage":"es","potentialAction":[{"@type":"ReadAction","target":["https:\/\/irotrans.com\/index.php\/nosotros\/"]}]},{"@type":"BreadcrumbList","@id":"https:\/\/irotrans.com\/index.php\/nosotros\/#breadcrumb","itemListElement":[{"@type":"ListItem","position":1,"name":"Inicio","item":"https:\/\/irotrans.com\/"},{"@type":"ListItem","position":2,"name":"Nosotros"}]},{"@type":"WebSite","@id":"https:\/\/irotrans.com\/#website","url":"https:\/\/irotrans.com\/","name":"Irotrans","description":"Unidades de transporte","potentialAction":[{"@type":"SearchAction","target":{"@type":"EntryPoint","urlTemplate":"https:\/\/irotrans.com\/?s={search_term_string}"},"query-input":{"@type":"PropertyValueSpecification","valueRequired":true,"valueName":"search_term_string"}}],"inLanguage":"es"}]}},"_links":{"self":[{"href":"https:\/\/irotrans.com\/index.php\/wp-json\/wp\/v2\/pages\/15","targetHints":{"allow":["GET"]}}],"collection":[{"href":"https:\/\/irotrans.com\/index.php\/wp-json\/wp\/v2\/pages"}],"about":[{"href":"https:\/\/irotrans.com\/index.php\/wp-json\/wp\/v2\/types\/page"}],"author":[{"embeddable":true,"href":"https:\/\/irotrans.com\/index.php\/wp-json\/wp\/v2\/users\/1"}],"replies":[{"embeddable":true,"href":"https:\/\/irotrans.com\/index.php\/wp-json\/wp\/v2\/comments?post=15"}],"version-history":[{"count":9,"href":"https:\/\/irotrans.com\/index.php\/wp-json\/wp\/v2\/pages\/15\/revisions"}],"predecessor-version":[{"id":208,"href":"https:\/\/irotrans.com\/index.php\/wp-json\/wp\/v2\/pages\/15\/revisions\/208"}],"wp:attachment":[{"href":"https:\/\/irotrans.com\/index.php\/wp-json\/wp\/v2\/media?parent=15"}],"curies":[{"name":"wp","href":"https:\/\/api.w.org\/{rel}","templated":true}]}}